{"id":3615,"date":"2024-07-25T20:07:50","date_gmt":"2024-07-25T12:07:50","guid":{"rendered":"https:\/\/buoyaconsult.com\/index.php\/city-intruduce\/"},"modified":"2024-08-09T21:29:53","modified_gmt":"2024-08-09T13:29:53","slug":"city-intruduce","status":"publish","type":"page","link":"https:\/\/buoyaconsult.com\/index.php\/city-intruduce\/?lang=es","title":{"rendered":"Introducci\u00f3n a la Ciudad"},"content":{"rendered":"\t\t<div data-elementor-type=\"wp-page\" data-elementor-id=\"3615\" class=\"elementor elementor-3615 elementor-3551\" data-elementor-post-type=\"page\">\n\t\t\t\t<div class=\"elementor-element elementor-element-68dffe1c e-con-full e-flex e-con e-parent\" data-id=\"68dffe1c\" data-element_type=\"container\" data-e-type=\"container\" data-settings=\"{&quot;background_background&quot;:&quot;classic&quot;}\">\n\t\t<div class=\"elementor-element elementor-element-7c5408e8 e-con-full e-flex e-con e-child\" data-id=\"7c5408e8\" data-element_type=\"container\" data-e-type=\"container\">\n\t\t\t\t<div class=\"elementor-element elementor-element-1d89b007 elementor-widget elementor-widget-video\" data-id=\"1d89b007\" data-element_type=\"widget\" data-e-type=\"widget\" data-settings=\"{&quot;youtube_url&quot;:&quot;https:\\\/\\\/www.youtube.com\\\/watch?v=8cE5JXU8YmQ&quot;,&quot;autoplay&quot;:&quot;yes&quot;,&quot;play_on_mobile&quot;:&quot;yes&quot;,&quot;video_type&quot;:&quot;youtube&quot;}\" data-widget_type=\"video.default\">\n\t\t\t\t<div class=\"elementor-widget-container\">\n\t\t\t\t\t\t\t<div class=\"elementor-wrapper elementor-open-inline\">\n\t\t\t<div class=\"elementor-video\"><\/div>\t\t<\/div>\n\t\t\t\t\t\t<\/div>\n\t\t\t\t<\/div>\n\t\t\t\t<\/div>\n\t\t<div class=\"elementor-element elementor-element-4e7a8b42 e-con-full e-flex e-con e-child\" data-id=\"4e7a8b42\" data-element_type=\"container\" data-e-type=\"container\">\n\t\t\t\t<div class=\"elementor-element elementor-element-29bcea1 elementor-widget elementor-widget-heading\" data-id=\"29bcea1\" data-element_type=\"widget\" data-e-type=\"widget\" data-widget_type=\"heading.default\">\n\t\t\t\t<div class=\"elementor-widget-container\">\n\t\t\t\t\t<h1 class=\"elementor-heading-title elementor-size-default\">City intruduce<\/h1>\t\t\t\t<\/div>\n\t\t\t\t<\/div>\n\t\t\t\t<div class=\"elementor-element elementor-element-2f5fa2ba elementor-widget elementor-widget-text-editor\" data-id=\"2f5fa2ba\" data-element_type=\"widget\" data-e-type=\"widget\" data-widget_type=\"text-editor.default\">\n\t\t\t\t<div class=\"elementor-widget-container\">\n\t\t\t\t\t\t\t\t\t<p>Espa\u00f1a, conocida como el Reino de Espa\u00f1a, es un pa\u00eds situado en el suroeste de la Pen\u00ednsula Ib\u00e9rica en Europa, fronterizo con Portugal, Andorra, Francia y Gibraltar, con el Golfo de Vizcaya al norte, el Oc\u00e9ano Atl\u00e1ntico al oeste y al sur, y el Mar Mediterr\u00e1neo al este. Espa\u00f1a es un pa\u00eds multi\u00e9tnico con diversos grupos \u00e9tnicos, como castellanos, catalanes, vascos y gallegos.<\/p>\n\t\t\t\t\t\t\t\t<\/div>\n\t\t\t\t<\/div>\n\t\t\t\t<\/div>\n\t\t\t\t<\/div>\n\t\t<div class=\"elementor-element elementor-element-29144d15 e-con-full e-flex e-con e-parent\" data-id=\"29144d15\" data-element_type=\"container\" data-e-type=\"container\" data-settings=\"{&quot;background_background&quot;:&quot;classic&quot;}\">\n\t\t<div class=\"elementor-element elementor-element-4d671456 e-con-full e-flex e-con e-child\" data-id=\"4d671456\" data-element_type=\"container\" data-e-type=\"container\">\n\t\t\t\t<div class=\"elementor-element elementor-element-16fccea4 elementor-widget elementor-widget-heading\" data-id=\"16fccea4\" data-element_type=\"widget\" data-e-type=\"widget\" data-widget_type=\"heading.default\">\n\t\t\t\t<div class=\"elementor-widget-container\">\n\t\t\t\t\t<h2 class=\"elementor-heading-title elementor-size-default\">Madrid<\/h2>\t\t\t\t<\/div>\n\t\t\t\t<\/div>\n\t\t\t\t<div class=\"elementor-element elementor-element-2fbc4a92 elementor-widget elementor-widget-text-editor\" data-id=\"2fbc4a92\" data-element_type=\"widget\" data-e-type=\"widget\" data-widget_type=\"text-editor.default\">\n\t\t\t\t<div class=\"elementor-widget-container\">\n\t\t\t\t\t\t\t\t\t<p>Madrid es la capital y la ciudad m\u00e1s grande de Espa\u00f1a. Situada en una meseta en el centro del pa\u00eds, es el centro de gravedad pol\u00edtica, econ\u00f3mica y cultural. La ciudad es conocida por sus excelentes museos, su magn\u00edfica arquitectura y su vibrante vida nocturna. Entre ellos, el Museo del Prado alberga una de las mejores colecciones de arte de Europa, mientras que el Centro de Arte Reina Sof\u00eda atrae a los amantes del arte con sus exposiciones de arte moderno. El Palacio Real de Madrid es uno de los m\u00e1s grandes de Europa, muestra de la historia y opulencia de la ciudad.<\/p>\n\t\t\t\t\t\t\t\t<\/div>\n\t\t\t\t<\/div>\n\t\t\t\t<\/div>\n\t\t<div class=\"elementor-element elementor-element-5a55a27d e-con-full e-flex e-con e-child\" data-id=\"5a55a27d\" data-element_type=\"container\" data-e-type=\"container\">\n\t\t\t\t<div class=\"elementor-element elementor-element-53033fd9 elementor-widget elementor-widget-image\" data-id=\"53033fd9\" data-element_type=\"widget\" data-e-type=\"widget\" data-widget_type=\"image.default\">\n\t\t\t\t<div class=\"elementor-widget-container\">\n\t\t\t\t\t\t\t\t\t\t\t\t\t\t\t<img fetchpriority=\"high\" decoding=\"async\" width=\"1024\" height=\"613\" src=\"https:\/\/buoyaconsult.com\/wp-content\/uploads\/2024\/06\/madrid-1024x613.jpeg\" class=\"attachment-large size-large wp-image-1106\" alt=\"\" srcset=\"https:\/\/buoyaconsult.com\/wp-content\/uploads\/2024\/06\/madrid-1024x613.jpeg 1024w, https:\/\/buoyaconsult.com\/wp-content\/uploads\/2024\/06\/madrid-300x180.jpeg 300w, https:\/\/buoyaconsult.com\/wp-content\/uploads\/2024\/06\/madrid-768x460.jpeg 768w, https:\/\/buoyaconsult.com\/wp-content\/uploads\/2024\/06\/madrid-1536x920.jpeg 1536w, https:\/\/buoyaconsult.com\/wp-content\/uploads\/2024\/06\/madrid.jpeg 1920w\" sizes=\"(max-width: 1024px) 100vw, 1024px\" \/>\t\t\t\t\t\t\t\t\t\t\t\t\t\t\t<\/div>\n\t\t\t\t<\/div>\n\t\t\t\t<\/div>\n\t\t\t\t<\/div>\n\t\t<div class=\"elementor-element elementor-element-7361fa1d e-con-full e-flex e-con e-parent\" data-id=\"7361fa1d\" data-element_type=\"container\" data-e-type=\"container\" data-settings=\"{&quot;background_background&quot;:&quot;classic&quot;}\">\n\t\t<div class=\"elementor-element elementor-element-50aba836 e-con-full e-flex e-con e-child\" data-id=\"50aba836\" data-element_type=\"container\" data-e-type=\"container\">\n\t\t\t\t<div class=\"elementor-element elementor-element-49416b86 elementor-widget elementor-widget-heading\" data-id=\"49416b86\" data-element_type=\"widget\" data-e-type=\"widget\" data-widget_type=\"heading.default\">\n\t\t\t\t<div class=\"elementor-widget-container\">\n\t\t\t\t\t<h2 class=\"elementor-heading-title elementor-size-default\">Barcelona<\/h2>\t\t\t\t<\/div>\n\t\t\t\t<\/div>\n\t\t\t\t<div class=\"elementor-element elementor-element-7fba40fa elementor-widget elementor-widget-text-editor\" data-id=\"7fba40fa\" data-element_type=\"widget\" data-e-type=\"widget\" data-widget_type=\"text-editor.default\">\n\t\t\t\t<div class=\"elementor-widget-container\">\n\t\t\t\t\t\t\t\t\t<p>Barcelona es la segunda ciudad m\u00e1s grande de Espa\u00f1a, situada en la regi\u00f3n de Catalu\u00f1a, frente al mar Mediterr\u00e1neo. La ciudad es conocida por su arquitectura innovadora, su rico patrimonio cultural y su vibrante vida callejera. Las obras arquitect\u00f3nicas de Antoni Gaud\u00ed, como la Sagrada Familia y la Casa Batll\u00f3, definen el perfil de la ciudad y muestran su caracter\u00edstico estilo modernista. Barcelona tambi\u00e9n alberga varios museos importantes, como el Museo de Arte Contempor\u00e1neo de Barcelona y el Museo Picasso, que atraen a un gran n\u00famero de amantes del arte.<\/p>\n\t\t\t\t\t\t\t\t<\/div>\n\t\t\t\t<\/div>\n\t\t\t\t<\/div>\n\t\t<div class=\"elementor-element elementor-element-6198e711 e-con-full e-flex e-con e-child\" data-id=\"6198e711\" data-element_type=\"container\" data-e-type=\"container\">\n\t\t\t\t<div class=\"elementor-element elementor-element-5d2380f5 elementor-widget elementor-widget-image\" data-id=\"5d2380f5\" data-element_type=\"widget\" data-e-type=\"widget\" data-widget_type=\"image.default\">\n\t\t\t\t<div class=\"elementor-widget-container\">\n\t\t\t\t\t\t\t\t\t\t\t\t\t\t\t<img decoding=\"async\" width=\"612\" height=\"408\" src=\"https:\/\/buoyaconsult.com\/wp-content\/uploads\/2024\/06\/\u5df4\u585e\u7f57\u90a3\u57ce\u5e02\u4ecb\u7ecd.jpg\" class=\"attachment-large size-large wp-image-1170\" alt=\"\" srcset=\"https:\/\/buoyaconsult.com\/wp-content\/uploads\/2024\/06\/\u5df4\u585e\u7f57\u90a3\u57ce\u5e02\u4ecb\u7ecd.jpg 612w, https:\/\/buoyaconsult.com\/wp-content\/uploads\/2024\/06\/\u5df4\u585e\u7f57\u90a3\u57ce\u5e02\u4ecb\u7ecd-300x200.jpg 300w\" sizes=\"(max-width: 612px) 100vw, 612px\" \/>\t\t\t\t\t\t\t\t\t\t\t\t\t\t\t<\/div>\n\t\t\t\t<\/div>\n\t\t\t\t<\/div>\n\t\t\t\t<\/div>\n\t\t<div class=\"elementor-element elementor-element-78f4c4c8 e-con-full e-flex e-con e-parent\" data-id=\"78f4c4c8\" data-element_type=\"container\" data-e-type=\"container\" data-settings=\"{&quot;background_background&quot;:&quot;classic&quot;}\">\n\t\t<div class=\"elementor-element elementor-element-6d330089 e-con-full e-flex e-con e-child\" data-id=\"6d330089\" data-element_type=\"container\" data-e-type=\"container\">\n\t\t\t\t<div class=\"elementor-element elementor-element-403822d8 elementor-widget elementor-widget-heading\" data-id=\"403822d8\" data-element_type=\"widget\" data-e-type=\"widget\" data-widget_type=\"heading.default\">\n\t\t\t\t<div class=\"elementor-widget-container\">\n\t\t\t\t\t<h2 class=\"elementor-heading-title elementor-size-default\">Valencia<\/h2>\t\t\t\t<\/div>\n\t\t\t\t<\/div>\n\t\t\t\t<div class=\"elementor-element elementor-element-2dd698b1 elementor-widget elementor-widget-text-editor\" data-id=\"2dd698b1\" data-element_type=\"widget\" data-e-type=\"widget\" data-widget_type=\"text-editor.default\">\n\t\t\t\t<div class=\"elementor-widget-container\">\n\t\t\t\t\t\t\t\t\t<p>Valencia es la tercera ciudad m\u00e1s grande de Espa\u00f1a, situada en la costa mediterr\u00e1nea, al este del pa\u00eds. La ciudad es conocida por su singular mezcla de arquitectura cl\u00e1sica y moderna, entre la que destaca la futurista Ciudad de las Artes y las Ciencias, dise\u00f1ada por el arquitecto Santiago Calatrava. Este complejo conjunto de edificios incluye un museo de ciencias, un planetario y un acuario, y es un lugar importante para explorar la ciencia y el arte. Cada marzo, Valencia acoge el Festival Faya, una celebraci\u00f3n del color y la creatividad que muestra el dinamismo y la creatividad de la ciudad.<\/p>\n\t\t\t\t\t\t\t\t<\/div>\n\t\t\t\t<\/div>\n\t\t\t\t<\/div>\n\t\t<div class=\"elementor-element elementor-element-131218ba e-con-full e-flex e-con e-child\" data-id=\"131218ba\" data-element_type=\"container\" data-e-type=\"container\">\n\t\t\t\t<div class=\"elementor-element elementor-element-2093a421 elementor-widget elementor-widget-image\" data-id=\"2093a421\" data-element_type=\"widget\" data-e-type=\"widget\" data-widget_type=\"image.default\">\n\t\t\t\t<div class=\"elementor-widget-container\">\n\t\t\t\t\t\t\t\t\t\t\t\t\t\t\t<img decoding=\"async\" width=\"928\" height=\"618\" src=\"https:\/\/buoyaconsult.com\/wp-content\/uploads\/2024\/06\/valencia.webp\" class=\"attachment-large size-large wp-image-1109\" alt=\"\" srcset=\"https:\/\/buoyaconsult.com\/wp-content\/uploads\/2024\/06\/valencia.webp 928w, https:\/\/buoyaconsult.com\/wp-content\/uploads\/2024\/06\/valencia-300x200.webp 300w, https:\/\/buoyaconsult.com\/wp-content\/uploads\/2024\/06\/valencia-768x511.webp 768w\" sizes=\"(max-width: 928px) 100vw, 928px\" \/>\t\t\t\t\t\t\t\t\t\t\t\t\t\t\t<\/div>\n\t\t\t\t<\/div>\n\t\t\t\t<\/div>\n\t\t\t\t<\/div>\n\t\t<div class=\"elementor-element elementor-element-13ae829e e-con-full e-flex e-con e-parent\" data-id=\"13ae829e\" data-element_type=\"container\" data-e-type=\"container\" data-settings=\"{&quot;background_background&quot;:&quot;classic&quot;}\">\n\t\t<div class=\"elementor-element elementor-element-7452ee0c e-con-full e-flex e-con e-child\" data-id=\"7452ee0c\" data-element_type=\"container\" data-e-type=\"container\">\n\t\t\t\t<div class=\"elementor-element elementor-element-f9f30d8 elementor-widget elementor-widget-heading\" data-id=\"f9f30d8\" data-element_type=\"widget\" data-e-type=\"widget\" data-widget_type=\"heading.default\">\n\t\t\t\t<div class=\"elementor-widget-container\">\n\t\t\t\t\t<h2 class=\"elementor-heading-title elementor-size-default\">Sevilla<\/h2>\t\t\t\t<\/div>\n\t\t\t\t<\/div>\n\t\t\t\t<div class=\"elementor-element elementor-element-1f2954cb elementor-widget elementor-widget-text-editor\" data-id=\"1f2954cb\" data-element_type=\"widget\" data-e-type=\"widget\" data-widget_type=\"text-editor.default\">\n\t\t\t\t<div class=\"elementor-widget-container\">\n\t\t\t\t\t\t\t\t\t<p>Sevilla, situada en la regi\u00f3n andaluza del sur de Espa\u00f1a, es el coraz\u00f3n cultural y art\u00edstico de la regi\u00f3n. La ciudad es famosa por su rico patrimonio cultural \u00e1rabe, su vibrante baile flamenco y su magn\u00edfica arquitectura. Entre sus monumentos destacan la Catedral de Sevilla, una de las iglesias g\u00f3ticas m\u00e1s grandes del mundo, y la Torre de la Heralda, con su hermoso campanario de estilo isl\u00e1mico.<\/p>\n<p>Como centro econ\u00f3mico y pol\u00edtico de Andaluc\u00eda, Sevilla mantiene un estilo de vida \u00fanico del sur de Espa\u00f1a y es un excelente punto de partida para explorar la rica historia y cultura de Espa\u00f1a.<\/p>\n\t\t\t\t\t\t\t\t<\/div>\n\t\t\t\t<\/div>\n\t\t\t\t<\/div>\n\t\t<div class=\"elementor-element elementor-element-57f373d3 e-con-full e-flex e-con e-child\" data-id=\"57f373d3\" data-element_type=\"container\" data-e-type=\"container\">\n\t\t\t\t<div class=\"elementor-element elementor-element-78c90689 elementor-widget elementor-widget-image\" data-id=\"78c90689\" data-element_type=\"widget\" data-e-type=\"widget\" data-widget_type=\"image.default\">\n\t\t\t\t<div class=\"elementor-widget-container\">\n\t\t\t\t\t\t\t\t\t\t\t\t\t\t\t<img loading=\"lazy\" decoding=\"async\" width=\"1024\" height=\"690\" src=\"https:\/\/buoyaconsult.com\/wp-content\/uploads\/2024\/06\/8-1024x690.jpg\" class=\"attachment-large size-large wp-image-1111\" alt=\"\" srcset=\"https:\/\/buoyaconsult.com\/wp-content\/uploads\/2024\/06\/8-1024x690.jpg 1024w, https:\/\/buoyaconsult.com\/wp-content\/uploads\/2024\/06\/8-300x202.jpg 300w, https:\/\/buoyaconsult.com\/wp-content\/uploads\/2024\/06\/8-768x517.jpg 768w, https:\/\/buoyaconsult.com\/wp-content\/uploads\/2024\/06\/8-1536x1035.jpg 1536w, https:\/\/buoyaconsult.com\/wp-content\/uploads\/2024\/06\/8.jpg 1737w\" sizes=\"(max-width: 1024px) 100vw, 1024px\" \/>\t\t\t\t\t\t\t\t\t\t\t\t\t\t\t<\/div>\n\t\t\t\t<\/div>\n\t\t\t\t<\/div>\n\t\t\t\t<\/div>\n\t\t<div class=\"elementor-element elementor-element-6f5139a3 e-con-full e-flex e-con e-parent\" data-id=\"6f5139a3\" data-element_type=\"container\" data-e-type=\"container\" data-settings=\"{&quot;background_background&quot;:&quot;classic&quot;}\">\n\t\t<div class=\"elementor-element elementor-element-478a4226 e-con-full e-flex e-con e-child\" data-id=\"478a4226\" data-element_type=\"container\" data-e-type=\"container\">\n\t\t\t\t<div class=\"elementor-element elementor-element-952a245 elementor-widget elementor-widget-heading\" data-id=\"952a245\" data-element_type=\"widget\" data-e-type=\"widget\" data-widget_type=\"heading.default\">\n\t\t\t\t<div class=\"elementor-widget-container\">\n\t\t\t\t\t<h2 class=\"elementor-heading-title elementor-size-default\">Salamanca<\/h2>\t\t\t\t<\/div>\n\t\t\t\t<\/div>\n\t\t\t\t<div class=\"elementor-element elementor-element-334d1dd9 elementor-widget elementor-widget-text-editor\" data-id=\"334d1dd9\" data-element_type=\"widget\" data-e-type=\"widget\" data-widget_type=\"text-editor.default\">\n\t\t\t\t<div class=\"elementor-widget-container\">\n\t\t\t\t\t\t\t\t\t<p>Salamanca, situada en el oeste de Espa\u00f1a, cerca de la frontera con Portugal, es una hist\u00f3rica ciudad universitaria. La ciudad es conocida por su magn\u00edfica arquitectura renacentista, su tradici\u00f3n acad\u00e9mica y su vibrante vida estudiantil. La Universidad de Salamanca, fundada en 1134, es una de las m\u00e1s antiguas de Europa y sigue siendo el coraz\u00f3n y el alma de la ciudad.<\/p>\n<p>El centro de Salamanca es famoso por sus edificios de arenisca dorada uniforme, que dan a la ciudad el sobrenombre de \u00abLa Dorada\u00bb por el c\u00e1lido resplandor dorado de la piedra a la luz del sol.<\/p>\t\t\t\t\t\t\t\t<\/div>\n\t\t\t\t<\/div>\n\t\t\t\t<\/div>\n\t\t<div class=\"elementor-element elementor-element-158bf23 e-con-full e-flex e-con e-child\" data-id=\"158bf23\" data-element_type=\"container\" data-e-type=\"container\">\n\t\t\t\t<div class=\"elementor-element elementor-element-3c69bce0 elementor-widget elementor-widget-image\" data-id=\"3c69bce0\" data-element_type=\"widget\" data-e-type=\"widget\" data-widget_type=\"image.default\">\n\t\t\t\t<div class=\"elementor-widget-container\">\n\t\t\t\t\t\t\t\t\t\t\t\t\t\t\t<img loading=\"lazy\" decoding=\"async\" width=\"832\" height=\"374\" src=\"https:\/\/buoyaconsult.com\/wp-content\/uploads\/2024\/06\/9.jpg\" class=\"attachment-large size-large wp-image-1110\" alt=\"\" srcset=\"https:\/\/buoyaconsult.com\/wp-content\/uploads\/2024\/06\/9.jpg 832w, https:\/\/buoyaconsult.com\/wp-content\/uploads\/2024\/06\/9-300x135.jpg 300w, https:\/\/buoyaconsult.com\/wp-content\/uploads\/2024\/06\/9-768x345.jpg 768w\" sizes=\"(max-width: 832px) 100vw, 832px\" \/>\t\t\t\t\t\t\t\t\t\t\t\t\t\t\t<\/div>\n\t\t\t\t<\/div>\n\t\t\t\t<\/div>\n\t\t\t\t<\/div>\n\t\t\t\t<\/div>\n\t\t","protected":false},"excerpt":{"rendered":"<p>City intruduce Espa\u00f1a, conocida como el Reino de Espa\u00f1a [&hellip;]<\/p>\n","protected":false},"author":1,"featured_media":0,"parent":0,"menu_order":0,"comment_status":"closed","ping_status":"closed","template":"elementor_header_footer","meta":{"footnotes":""},"class_list":["post-3615","page","type-page","status-publish","hentry"],"_links":{"self":[{"href":"https:\/\/buoyaconsult.com\/index.php\/wp-json\/wp\/v2\/pages\/3615","targetHints":{"allow":["GET"]}}],"collection":[{"href":"https:\/\/buoyaconsult.com\/index.php\/wp-json\/wp\/v2\/pages"}],"about":[{"href":"https:\/\/buoyaconsult.com\/index.php\/wp-json\/wp\/v2\/types\/page"}],"author":[{"embeddable":true,"href":"https:\/\/buoyaconsult.com\/index.php\/wp-json\/wp\/v2\/users\/1"}],"replies":[{"embeddable":true,"href":"https:\/\/buoyaconsult.com\/index.php\/wp-json\/wp\/v2\/comments?post=3615"}],"version-history":[{"count":3,"href":"https:\/\/buoyaconsult.com\/index.php\/wp-json\/wp\/v2\/pages\/3615\/revisions"}],"predecessor-version":[{"id":3659,"href":"https:\/\/buoyaconsult.com\/index.php\/wp-json\/wp\/v2\/pages\/3615\/revisions\/3659"}],"wp:attachment":[{"href":"https:\/\/buoyaconsult.com\/index.php\/wp-json\/wp\/v2\/media?parent=3615"}],"curies":[{"name":"wp","href":"https:\/\/api.w.org\/{rel}","templated":true}]}}